{"id":601,"date":"2019-01-25T15:38:53","date_gmt":"2019-01-25T14:38:53","guid":{"rendered":"https:\/\/www.silvercoastpropertyservices.com\/cookies\/"},"modified":"2024-07-16T14:19:44","modified_gmt":"2024-07-16T12:19:44","slug":"cookies","status":"publish","type":"page","link":"https:\/\/www.silvercoastpropertyservices.com\/fr\/cookies\/","title":{"rendered":"Politique de cookies"},"content":{"rendered":"<p><div class=\"fusion-fullwidth fullwidth-box fusion-builder-row-1 nonhundred-percent-fullwidth non-hundred-percent-height-scrolling\" style=\"--awb-border-radius-top-left:0px;--awb-border-radius-top-right:0px;--awb-border-radius-bottom-right:0px;--awb-border-radius-bottom-left:0px;--awb-padding-top:5%;--awb-padding-bottom:3%;--awb-background-color:#0a86e6;--awb-flex-wrap:wrap;\" ><div class=\"fusion-builder-row fusion-row\"><div class=\"fusion-layout-column fusion_builder_column fusion-builder-column-0 fusion_builder_column_1_2 1_2 fusion-one-half fusion-column-first\" style=\"--awb-bg-size:cover;--awb-margin-bottom:3%;width:50%;width:calc(50% - ( ( 8% ) * 0.5 ) );margin-right: 8%;\"><div class=\"fusion-column-wrapper fusion-flex-column-wrapper-legacy\"><div class=\"fusion-title title fusion-title-1 fusion-sep-none fusion-title-text fusion-title-size-one\" style=\"--awb-text-color:#ffffff;--awb-margin-top-small:0px;--awb-margin-right-small:0px;--awb-margin-bottom-small:20px;--awb-margin-left-small:0px;\"><h1 class=\"fusion-title-heading title-heading-left fusion-responsive-typography-calculated\" style=\"--fontSize:32;line-height:1.4;\">Nous aimons les cookies<\/h1><\/div><div class=\"fusion-title title fusion-title-2 fusion-sep-none fusion-title-text fusion-title-size-two\" style=\"--awb-text-color:#ffffff;--awb-margin-top-small:0px;--awb-margin-right-small:0px;--awb-margin-bottom-small:20px;--awb-margin-left-small:0px;\"><h2 class=\"fusion-title-heading title-heading-left fusion-responsive-typography-calculated\" style=\"--fontSize:28;line-height:1.25;\">En savoir plus sur les cookies que nous utilisons.<\/h2><\/div><div class=\"fusion-clearfix\"><\/div><\/div><\/div><div class=\"fusion-layout-column fusion_builder_column fusion-builder-column-1 fusion_builder_column_1_2 1_2 fusion-one-half fusion-column-last fusion-no-small-visibility fusion-no-medium-visibility\" style=\"--awb-bg-size:cover;--awb-margin-bottom:3%;width:50%;width:calc(50% - ( ( 8% ) * 0.5 ) );\"><div class=\"fusion-column-wrapper fusion-flex-column-wrapper-legacy\"><svg class=\"hero-icon\" height=\"200px\" width=\"200px\" viewBox=\"0 0 512 512\" xmlns=\"http:\/\/www.w3.org\/2000\/svg\"><path d=\"m182.855469 496.96875c-76.324219 0-143.097657-51.5-162.378907-125.246094l-14.539062 3.804688c21.007812 80.351562 93.761719 136.472656 176.917969 136.472656 6.921875 0 13.898437-.390625 20.738281-1.164062l-1.6875-14.933594c-6.277344.710937-12.6875 1.066406-19.050781 1.066406zm0 0\"\/><path d=\"m216.109375 493.679688 2.960937 14.730468c64.636719-12.988281 117.429688-60.078125 137.769532-122.886718l-14.296875-4.628907c-18.671875 57.644531-67.117188 100.863281-126.433594 112.785157zm0 0\"\/><path d=\"m15.03125 329.144531c0-73.03125 46.644531-137.203125 116.074219-159.6875l-4.632813-14.296875c-36.472656 11.8125-67.855468 34.429688-90.757812 65.40625-23.363282 31.609375-35.714844 69.15625-35.714844 108.578125 0 10.421875.882812 20.875 2.628906 31.066407l14.816406-2.535157c-1.601562-9.359375-2.414062-18.957031-2.414062-28.53125zm0 0\"\/><path d=\"m329.144531 350.683594c-92.542969 0-167.828125-75.285156-167.828125-167.828125 0-32.761719 9.441406-64.503907 27.304688-91.792969l-12.578125-8.230469c-19.464844 29.742188-29.757813 64.328125-29.757813 100.023438 0 100.828125 82.03125 182.859375 182.859375 182.859375 47.355469 0 92.261719-18.03125 126.453125-50.773438l-10.398437-10.855468c-31.375 30.050781-72.59375 46.597656-116.054688 46.597656zm0 0\"\/><path d=\"m510.59375 160.125-.972656-7.832031-7.777344 1.355469c-2.472656.433593-4.957031.652343-7.378906.652343-14.90625 0-28.476563-7.59375-36.300782-20.316406l-2.859374-4.65625-5.3125 1.289063c-4.480469 1.089843-9.070313 1.640624-13.640626 1.640624-31.765624 0-57.613281-25.84375-57.613281-57.613281 0-3.242187.292969-6.566406.863281-9.878906l1.03125-5.964844-5.609374-2.277343c-10.828126-4.398438-17.824219-14.785157-17.824219-26.464844 0-5.824219 1.746093-11.429688 5.050781-16.210938l6.828125-9.875-11.863281-1.828125c-9.234375-1.421875-18.679688-2.144531-28.070313-2.144531-56.554687 0-109.03125 25.554688-143.972656 70.105469l11.828125 9.277343c32.074219-40.898437 80.234375-64.351562 132.144531-64.351562 5.144531 0 10.308594.234375 15.433594.703125-1.589844 4.566406-2.410156 9.394531-2.410156 14.324219 0 15.828125 8.414062 30.097656 21.867187 37.796875-.214844 2.277343-.324218 4.546875-.324218 6.789062 0 40.054688 32.585937 72.644531 72.640624 72.644531 4.015626 0 8.039063-.339843 12.015626-1.003906 11.242187 15.035156 28.890624 23.675782 48.058593 23.011719.363281 4.515625.542969 9.054687.542969 13.558594 0 40.855469-14.847656 80.222656-41.8125 110.851562l11.28125 9.933594c29.382812-33.375 45.5625-76.269531 45.5625-120.785156 0-7.5625-.472656-15.210938-1.40625-22.730469zm0 0\"\/><path d=\"m415.3125 72.140625h15.027344v15.03125h-15.027344zm0 0\"\/><path d=\"m455.390625 62.121094h15.027344v15.03125h-15.027344zm0 0\"\/><path d=\"m455.390625 22.042969h15.027344v15.03125h-15.027344zm0 0\"\/><path d=\"m209.570312 106.234375 14.976563 39.480469 46.117187 5.273437 12.359376-48.0625-40.6875-14.4375zm55.476563 6.257813-5.675781 22.078124-24.019532-2.746093-7.066406-18.632813 15.328125-8.300781zm0 0\"\/><path d=\"m418.882812 284.699219 17.097657-34.191407-42.347657-29.113281-28.992187 26.230469 11 35.761719zm-23.976562-44.191407 21.78125 14.972657-6.953125 13.902343-22.890625-.691406-5.027344-16.339844zm0 0\"\/><path d=\"m80.585938 246.679688-13.648438 39.585937 32.15625 29.472656 42.019531-29.820312-23.042969-33.882813zm19.710937 49.777343-15.9375-14.613281 6.390625-18.527344 18.625 2.660156 11.023438 16.214844zm0 0\"\/><path d=\"m246.726562 387.304688-35.648437-9.597657-28.699219 36.527344 25.683594 33.792969 45.25-13.308594zm-32.964843 43.382812-12.390625-16.300781 15.386718-19.585938 16.453126 4.429688 3.433593 24.726562zm0 0\"\/><path d=\"m330.511719 137.125-29.609375 36.339844 32.546875 31.191406 47.042969-18.8125-18.960938-39.277344zm6.347656 49.984375-15.546875-14.898437 14.476562-17.765626 15.070313 4.585938 9.09375 18.839844zm0 0\"\/><path d=\"m232.738281 255.8125 32.285157 29.59375 34.121093-9.554688 2.769531-34.632812-37.445312-25.410156zm53.496094-7.074219-1.234375 15.464844-15.980469 4.476563-15.808593-14.492188 14.363281-18.109375zm0 0\"\/><path d=\"m93.910156 424.449219 52.695313-6.273438 12.03125-41.449219-42.671875-25.101562-42.871094 22.085938zm47.039063-40.691407-6.003907 20.671876-31.46875 3.746093-11.246093-27.414062 23.253906-11.980469zm0 0\"\/><path d=\"m182.855469 481.941406c-5.261719 0-10.570313-.273437-15.773438-.808594l1.542969-14.949218c4.691406.480468 9.480469.726562 14.230469.726562zm-31.386719-3.242187c-9.21875-1.933594-18.300781-4.742188-27-8.355469l5.757812-13.878906c7.839844 3.253906 16.023438 5.78125 24.324219 7.523437zm0 0\"\/><path d=\"m36.382812 372.699219c-1.5-5.027344-2.75-10.199219-3.714843-15.359375l14.773437-2.769532c.871094 4.652344 1.996094 9.308594 3.347656 13.839844zm-5.8125-31.019531c-.339843-4.140626-.511718-8.355469-.511718-12.535157 0-7.039062.484375-14.128906 1.4375-21.0625l14.890625 2.046875c-.863281 6.261719-1.296875 12.65625-1.296875 19.015625 0 3.769531.152344 7.574219.457031 11.308594zm0 0\"\/><path d=\"m186.503906 237.660156c-1.886718-4.902344-3.539062-9.953125-4.90625-15.023437l14.507813-3.914063c1.234375 4.566406 2.722656 9.121094 4.421875 13.535156zm-8.222656-30.472656c-.832031-5.175781-1.402344-10.460938-1.695312-15.707031l15.003906-.839844c.265625 4.734375.78125 9.496094 1.53125 14.160156zm13.242188-30.800781-15.011719-.699219c.511719-11.050781 2.230469-22.046875 5.101562-32.671875l14.507813 3.921875c-2.585938 9.574219-4.136719 19.484375-4.597656 29.449219zm0 0\"\/><path d=\"m322.941406 335.53125c-8.332031-.335938-16.679687-1.355469-24.800781-3.035156l3.046875-14.71875c7.320312 1.515625 14.839844 2.4375 22.355469 2.738281zm15.789063-.171875-.933594-15c4.734375-.296875 9.496094-.839844 14.152344-1.621094l2.480469 14.824219c-5.167969.863281-10.449219 1.46875-15.699219 1.796875zm0 0\"\/><\/svg><div class=\"fusion-clearfix\"><\/div><\/div><\/div><\/div><\/div><div class=\"fusion-fullwidth fullwidth-box fusion-builder-row-2 nonhundred-percent-fullwidth non-hundred-percent-height-scrolling\" style=\"--awb-border-radius-top-left:0px;--awb-border-radius-top-right:0px;--awb-border-radius-bottom-right:0px;--awb-border-radius-bottom-left:0px;--awb-margin-top:5%;--awb-margin-bottom:10%;--awb-flex-wrap:wrap;\" ><div class=\"fusion-builder-row fusion-row\"><div class=\"fusion-layout-column fusion_builder_column fusion-builder-column-2 fusion_builder_column_1_1 1_1 fusion-one-full fusion-column-first fusion-column-last\" style=\"--awb-bg-size:cover;--awb-margin-bottom:0px;\"><div class=\"fusion-column-wrapper fusion-flex-column-wrapper-legacy\"><div class=\"fusion-text fusion-text-1\" style=\"--awb-text-transform:none;\"><p>Les cookies peuvent \u00eatre utilis\u00e9s de plusieurs mani\u00e8res lors de votre visite sur le site web <strong>silvercoastpropertyservices.com<\/strong> : analyse du trafic, marketing&#8230;<br \/>\nVous en saurez plus sur la mani\u00e8re dont ils sont utilis\u00e9s et sur les choix qui s&#8217;offrent \u00e0 vous en poursuivant votre lecture.<\/p>\n<h2>Types de cookies<\/h2>\n<p>Les cookies peuvent \u00eatre distingu\u00e9s en fonction de leur origine, de leur fonction et de leur dur\u00e9e de vie.<\/p>\n<h3>Cookies temporaires ou permanents (dur\u00e9e de vie)<\/h3>\n<ul>\n<li>Les <strong>cookies temporaires<\/strong> sont supprim\u00e9s lorsque le navigateur est ferm\u00e9. Ils ne s&#8217;appliquent qu&#8217;\u00e0 la session en cours et sont donc \u00e9galement appel\u00e9s <em>cookies de session<\/em>.<\/li>\n<li>Les <strong>cookies permanents<\/strong> restent sur votre ordinateur, m\u00eame apr\u00e8s la fermeture de votre navigateur et jusqu&#8217;\u00e0 ce que vous les supprimiez.<\/li>\n<\/ul>\n<h3>Cookies de premi\u00e8re partie et cookies tiers (domaine)<\/h3>\n<ul>\n<li>Les <strong>cookies de premi\u00e8re partie<\/strong> sont les cookies plac\u00e9s par le site web visit\u00e9 par l&#8217;utilisateur (par exemple par silvercoastpropertyservices.com).<\/li>\n<li>Les <strong>cookies tiers<\/strong> sont des cookies plac\u00e9s par un nom de domaine autre que celui du site visit\u00e9 par l&#8217;utilisateur (par exemple Google, Twitter et Facebook).<\/li>\n<\/ul>\n<h3>Cookies sans consentement ou cookies n\u00e9cessitant un consentement<\/h3>\n<ul>\n<li>Pour les cookies qui ne portent pas ou peu atteinte \u00e0 la vie priv\u00e9e, aucune autorisation n&#8217;est demand\u00e9e au visiteur. Il s&#8217;agit souvent de cookies qui permettent \u00e0 un site web de mieux fonctionner, comme les cookies analytiques et fonctionnels (voir ci-dessous).<\/li>\n<li>D&#8217;autres cookies n\u00e9cessitent l&#8217;autorisation du visiteur, tels que les cookies de suivi et les cookies tiers. Notre site web n&#8217;utilise pas ces types de cookies. C&#8217;est pourquoi vous ne verrez pas l&#8217;option &#8220;ne pas accepter&#8221; dans la barre de cookies en bas de l&#8217;\u00e9cran.<\/li>\n<\/ul>\n<h3>Cookies fonctionnels et non fonctionnels (objectif)<\/h3>\n<ul>\n<li>Les <strong>cookies fonctionnels<\/strong> sont, comme leur nom l&#8217;indique, n\u00e9cessaires au fonctionnement du site web. Par exemple, pour nous permettre de vous r\u00e9pondre, enregistrer les pr\u00e9f\u00e9rences ou sauvegarder vos donn\u00e9es de connexion.\u00a0 Nous utilisons toujours ce types de cookies et ils ne sont pas soumis \u00e0 autorisation de votre part.<\/li>\n<li>Les <strong>cookies non fonctionnels<\/strong>, tels que les cookies analytiques, nous donnent un aper\u00e7u de la fa\u00e7on dont notre site web est le plus souvent utilis\u00e9, les informations recherch\u00e9es et les pages les plus visit\u00e9es ; ils sont utilis\u00e9s pour suivre les statistiques des visiteurs. Nous utilisons des cookies analytiques afin de savoir quelles parties du site web sont populaires et ce que nous pouvons am\u00e9liorer. Nous analysons et am\u00e9liorons continuellement le site afin de rendre l&#8217;exp\u00e9rience des visiteurs aussi agr\u00e9able et conviviale que possible. Les cookies ne contiennent pas d&#8217;informations permettant d&#8217;identifier une personne. Ils ont peu d&#8217;incidence sur votre vie priv\u00e9e car les informations recueillies sont stock\u00e9es de mani\u00e8re anonyme. Ces cookies analytiques sont purement destin\u00e9s \u00e0 notre propre usage, ne sont jamais li\u00e9s \u00e0 d&#8217;autres bases de donn\u00e9es et nous ne les partageons pas avec des tiers.<\/li>\n<\/ul>\n<p>Nous utilisons les cookies suivants sur notre site :<\/p>\n<table class=\"cookies-table\">\n<tbody>\n<tr>\n<th>Cookie<\/th>\n<th>Nom<\/th>\n<th>Domaine<\/th>\n<th>Description<\/th>\n<th>Dur\u00e9e<\/th>\n<th>Objectif<\/th>\n<\/tr>\n<tr>\n<td>Cloudflare<\/td>\n<td>__cfduid<\/td>\n<td>.silvercoastpropertyservices.com<\/td>\n<td>Le cookie &#8220;__cfduid&#8221; est d\u00e9fini par le service Cloudflare pour identifier le trafic Web de confiance. Il ne correspond \u00e0 aucun identifiant d&#8217;utilisateur dans l&#8217;application Web et ne stocke aucune information permettant d&#8217;identifier une personne.<br \/>\n<a href=\"https:\/\/support.cloudflare.com\/hc\/en-us\/articles\/200170156-What-does-the-CloudFlare-cfduid-cookie-do-\" target=\"_blank\" rel=\"noopener\">https:\/\/support.cloudflare.com\/hc\/en-us\/articles\/200170156-What-does-the-CloudFlare-cfduid-cookie-do-<\/a><\/td>\n<td>1 an<\/td>\n<td>fonctionnel<\/td>\n<\/tr>\n<tr>\n<td>WordPress<\/td>\n<td>_icl_current_language<\/td>\n<td>www.silvercoastpropertyservices.com<\/td>\n<td>Ce nom de cookie est associ\u00e9 \u00e0 un plug-in WordPress multilingue de WPML. Il stocke une valeur de langue pour le site web.<\/td>\n<td>24 heures<\/td>\n<td>fonctionnel<\/td>\n<\/tr>\n<tr>\n<td>WordPress<\/td>\n<td>PHPSESSID<\/td>\n<td>www.silvercoastpropertyservices.com<\/td>\n<td>Cookie g\u00e9n\u00e9r\u00e9 par les applications bas\u00e9es sur le langage PHP. Il s&#8217;agit d&#8217;un identifiant \u00e0 usage g\u00e9n\u00e9ral utilis\u00e9 pour maintenir les variables de la session de l&#8217;utilisateur. Il s&#8217;agit normalement d&#8217;un nombre g\u00e9n\u00e9r\u00e9 de fa\u00e7on al\u00e9atoire. La fa\u00e7on dont il est utilis\u00e9 peut \u00eatre sp\u00e9cifique au site, mais un bon exemple est le maintien du statut de connexion d&#8217;un utilisateur entre les pages.<\/td>\n<td>Session<\/td>\n<td>fonctionnel<\/td>\n<\/tr>\n<tr>\n<td>WordPress<\/td>\n<td>wordpress_test_cookie<\/td>\n<td>www.silvercoastpropertyservices.com<\/td>\n<td>Utilis\u00e9 sur les sites construits avec WordPress. Teste si le navigateur a activ\u00e9 ou non les cookies. Ce cookie ne contient pas de donn\u00e9es personnelles et est supprim\u00e9 d\u00e8s que le navigateur est ferm\u00e9.<\/td>\n<td>Session<\/td>\n<td>fonctionnel<\/td>\n<\/tr>\n<tr>\n<td>WordPress<\/td>\n<td>itsec-hb-login-#<\/td>\n<td>www.silvercoastpropertyservices.com<\/td>\n<td>Utilis\u00e9 par le plugin de s\u00e9curit\u00e9 pour vous identifier en tant qu&#8217;utilisateur lorsque vous essayez de vous connecter \u00e0 ce site.<\/td>\n<td>10 minutes<\/td>\n<td>fonctionnel<\/td>\n<\/tr>\n<tr>\n<td>WordPress<\/td>\n<td>cookie_notice_accepted<\/td>\n<td>www.silvercoastpropertyservices.com<\/td>\n<td>Enregistre l&#8217;acceptation de l&#8217;avis de cookie.<\/td>\n<td>1 an<\/td>\n<td>non-fonctionnel<\/td>\n<\/tr>\n<tr>\n<td>Google Analytics<\/td>\n<td>_ga<\/td>\n<td>.silvercoastpropertyservices.com<\/td>\n<td>Utilis\u00e9 pour distinguer les utilisateurs et expire au bout de 2 ans.<\/td>\n<td>2 ans<\/td>\n<td>non-fonctionnel<\/td>\n<\/tr>\n<tr>\n<td>Google Analytics<\/td>\n<td>_gat,_gtag_UA_#<\/td>\n<td>.silvercoastpropertyservices.com<\/td>\n<td>Utilis\u00e9 pour limiter les demandes et a une dur\u00e9e de 1 \u00e0 10 minutes.<\/td>\n<td>1 minute<\/td>\n<td>non-fonctionnel<\/td>\n<\/tr>\n<tr>\n<td>Google Analytics<\/td>\n<td>_gid<\/td>\n<td>.silvercoastpropertyservices.com<\/td>\n<td>Utilis\u00e9 pour distinguer les utilisateurs et expire au bout de 24 heures.<\/td>\n<td>24 heures<\/td>\n<td>non-fonctionnel<\/td>\n<\/tr>\n<\/tbody>\n<\/table>\n<h2>Combien de temps les cookies sont-ils conserv\u00e9s ?<\/h2>\n<p>Les cookies analytiques seront conserv\u00e9s pendant un maximum de deux ans. Vous pouvez refuser qu&#8217;ils enregistrent votre historique de recherche anonyme sur notre site ou nos applications. Nous utilisons le fournisseur de services suivant et vous pouvez en savoir plus sur sa politique de confidentialit\u00e9 et sur la mani\u00e8re de refuser ses cookies d&#8217;analyse en suivant ce lien vers Google Analytics : <a href=\"https:\/\/policies.google.com\/privacy\">http:\/\/www.google.com\/analytics\/learn\/privacy.html<\/a><\/p>\n<p>Nous stockons \u00e9galement certains cookies li\u00e9s \u00e0 vos informations de connexion et aux options d&#8217;affichage de l&#8217;\u00e9cran. Les cookies de connexion sont valables pendant deux jours et les cookies pour les options d&#8217;affichage \u00e0 l&#8217;\u00e9cran sont valables pendant un an. Si vous s\u00e9lectionnez &#8220;se souvenir de moi&#8221;, votre connexion sera sauvegard\u00e9e pendant une quinzaine de jours. Lorsque vous vous d\u00e9connectez de votre compte, les cookies de connexion sont supprim\u00e9s.<\/p>\n<h2>Param\u00e8tres du navigateur<\/h2>\n<p>Si vous ne souhaitez pas que les sites web placent des cookies sur votre ordinateur, vous pouvez r\u00e9gler les param\u00e8tres de votre navigateur de mani\u00e8re \u00e0 recevoir un avertissement avant. Vous pouvez \u00e9galement r\u00e9gler vos param\u00e8tres de mani\u00e8re \u00e0 ce que votre navigateur refuse tous les cookies ou uniquement les cookies tiers. Vous pouvez \u00e9galement supprimer les cookies qui ont d\u00e9j\u00e0 \u00e9t\u00e9 plac\u00e9s. Veuillez noter que vous devez r\u00e9gler les param\u00e8tres s\u00e9par\u00e9ment pour chaque navigateur et chaque ordinateur que vous utilisez.<br \/>\nSachez que si vous ne voulez pas de cookies, nous ne pouvons plus garantir le bon fonctionnement de notre site. Certaines fonctions du site peuvent \u00eatre perdues et certaines pages peuvent ne plus appara\u00eetre. En outre, le fait de refuser les cookies ou d&#8217;activer la fonction &#8220;do not track&#8221; ne signifie pas que vous ne verrez plus de publicit\u00e9s. Celles-ci ne seront juste plus adapt\u00e9es \u00e0 vos int\u00e9r\u00eats et appara\u00eetront plus souvent. La fa\u00e7on dont vous pouvez ajuster vos param\u00e8tres varie d&#8217;un navigateur \u00e0 l&#8217;autre :<\/p>\n<ul>\n<li><a href=\"https:\/\/support.google.com\/chrome\/answer\/95647?co=GENIE.Platform%3DDesktop&amp;hl=nl&amp;oco=0\">Google Chrome<\/a><\/li>\n<li><a href=\"https:\/\/support.apple.com\/kb\/ph21411?locale=nl_NL\">Safari<\/a><\/li>\n<li><a href=\"https:\/\/support.microsoft.com\/nl-nl\/help\/17442\/windows-internet-explorer-delete-manage-cookies\">Internet Explorer<\/a> et <a href=\"https:\/\/privacy.microsoft.com\/nl-nl\/windows-10-microsoft-edge-and-privacy\">Edge<\/a><\/li>\n<li><a href=\"https:\/\/support.mozilla.com\/nl\/kb\/cookies-informatie-websites-computer-opgeslagen?redirectlocale=nl&amp;redirectslug=Cookies\">Firefox<\/a><\/li>\n<li><a href=\"https:\/\/www.opera.com\/help\/tutorials\/security\/cookies\/\">Opera<\/a><\/li>\n<\/ul>\n<p>Pour les t\u00e9l\u00e9phones mobiles et les tablettes :<\/p>\n<ul>\n<li><a href=\"https:\/\/support.google.com\/chrome\/answer\/95647?co=GENIE.Platform%3DAndroid&amp;hl=nl&amp;oco=0\">Google Chrome<\/a><\/li>\n<li><a href=\"https:\/\/support.apple.com\/nl-nl\/HT201265\">Safari<\/a><\/li>\n<\/ul>\n<\/div><div class=\"fusion-clearfix\"><\/div><\/div><\/div><\/div><\/div><\/p>\n","protected":false},"excerpt":{"rendered":"","protected":false},"author":2,"featured_media":0,"parent":0,"menu_order":20,"comment_status":"closed","ping_status":"closed","template":"100-width.php","meta":{"footnotes":""},"class_list":["post-601","page","type-page","status-publish","hentry"],"yoast_head":"<!-- This site is optimized with the Yoast SEO plugin v27.6 - https:\/\/yoast.com\/product\/yoast-seo-wordpress\/ -->\n<title>Politique de cookies - 2nd Place in Portugal<\/title>\n<meta name=\"robots\" content=\"noindex, follow\" \/>\n<meta property=\"og:locale\" content=\"fr_FR\" \/>\n<meta property=\"og:type\" content=\"article\" \/>\n<meta property=\"og:title\" content=\"Politique de cookies - 2nd Place in Portugal\" \/>\n<meta property=\"og:url\" content=\"https:\/\/www.silvercoastpropertyservices.com\/fr\/cookies\/\" \/>\n<meta property=\"og:site_name\" content=\"2nd Place in Portugal\" \/>\n<meta property=\"article:modified_time\" content=\"2024-07-16T12:19:44+00:00\" \/>\n<meta name=\"twitter:card\" content=\"summary_large_image\" \/>\n<meta name=\"twitter:label1\" content=\"Dur\u00e9e de lecture estim\u00e9e\" \/>\n\t<meta name=\"twitter:data1\" content=\"5 minutes\" \/>\n<script type=\"application\/ld+json\" class=\"yoast-schema-graph\">{\"@context\":\"https:\\\/\\\/schema.org\",\"@graph\":[{\"@type\":\"WebPage\",\"@id\":\"https:\\\/\\\/www.silvercoastpropertyservices.com\\\/fr\\\/cookies\\\/\",\"url\":\"https:\\\/\\\/www.silvercoastpropertyservices.com\\\/fr\\\/cookies\\\/\",\"name\":\"Politique de cookies - 2nd Place in Portugal\",\"isPartOf\":{\"@id\":\"https:\\\/\\\/www.silvercoastpropertyservices.com\\\/fr\\\/#website\"},\"datePublished\":\"2019-01-25T14:38:53+00:00\",\"dateModified\":\"2024-07-16T12:19:44+00:00\",\"breadcrumb\":{\"@id\":\"https:\\\/\\\/www.silvercoastpropertyservices.com\\\/fr\\\/cookies\\\/#breadcrumb\"},\"inLanguage\":\"fr-FR\",\"potentialAction\":[{\"@type\":\"ReadAction\",\"target\":[\"https:\\\/\\\/www.silvercoastpropertyservices.com\\\/fr\\\/cookies\\\/\"]}]},{\"@type\":\"BreadcrumbList\",\"@id\":\"https:\\\/\\\/www.silvercoastpropertyservices.com\\\/fr\\\/cookies\\\/#breadcrumb\",\"itemListElement\":[{\"@type\":\"ListItem\",\"position\":1,\"name\":\"Home\",\"item\":\"https:\\\/\\\/www.silvercoastpropertyservices.com\\\/fr\\\/\"},{\"@type\":\"ListItem\",\"position\":2,\"name\":\"Politique de cookies\"}]},{\"@type\":\"WebSite\",\"@id\":\"https:\\\/\\\/www.silvercoastpropertyservices.com\\\/fr\\\/#website\",\"url\":\"https:\\\/\\\/www.silvercoastpropertyservices.com\\\/fr\\\/\",\"name\":\"2nd Place in Portugal\",\"description\":\"En nog een WordPress website\",\"publisher\":{\"@id\":\"https:\\\/\\\/www.silvercoastpropertyservices.com\\\/fr\\\/#organization\"},\"potentialAction\":[{\"@type\":\"SearchAction\",\"target\":{\"@type\":\"EntryPoint\",\"urlTemplate\":\"https:\\\/\\\/www.silvercoastpropertyservices.com\\\/fr\\\/?s={search_term_string}\"},\"query-input\":{\"@type\":\"PropertyValueSpecification\",\"valueRequired\":true,\"valueName\":\"search_term_string\"}}],\"inLanguage\":\"fr-FR\"},{\"@type\":\"Organization\",\"@id\":\"https:\\\/\\\/www.silvercoastpropertyservices.com\\\/fr\\\/#organization\",\"name\":\"2nd Place in Portugal\",\"url\":\"https:\\\/\\\/www.silvercoastpropertyservices.com\\\/fr\\\/\",\"logo\":{\"@type\":\"ImageObject\",\"inLanguage\":\"fr-FR\",\"@id\":\"https:\\\/\\\/www.silvercoastpropertyservices.com\\\/fr\\\/#\\\/schema\\\/logo\\\/image\\\/\",\"url\":\"https:\\\/\\\/www.silvercoastpropertyservices.com\\\/wp-content\\\/uploads\\\/2019\\\/02\\\/logo-circle.png\",\"contentUrl\":\"https:\\\/\\\/www.silvercoastpropertyservices.com\\\/wp-content\\\/uploads\\\/2019\\\/02\\\/logo-circle.png\",\"width\":200,\"height\":200,\"caption\":\"2nd Place in Portugal\"},\"image\":{\"@id\":\"https:\\\/\\\/www.silvercoastpropertyservices.com\\\/fr\\\/#\\\/schema\\\/logo\\\/image\\\/\"}}]}<\/script>\n<!-- \/ Yoast SEO plugin. -->","yoast_head_json":{"title":"Politique de cookies - 2nd Place in Portugal","robots":{"index":"noindex","follow":"follow"},"og_locale":"fr_FR","og_type":"article","og_title":"Politique de cookies - 2nd Place in Portugal","og_url":"https:\/\/www.silvercoastpropertyservices.com\/fr\/cookies\/","og_site_name":"2nd Place in Portugal","article_modified_time":"2024-07-16T12:19:44+00:00","twitter_card":"summary_large_image","twitter_misc":{"Dur\u00e9e de lecture estim\u00e9e":"5 minutes"},"schema":{"@context":"https:\/\/schema.org","@graph":[{"@type":"WebPage","@id":"https:\/\/www.silvercoastpropertyservices.com\/fr\/cookies\/","url":"https:\/\/www.silvercoastpropertyservices.com\/fr\/cookies\/","name":"Politique de cookies - 2nd Place in Portugal","isPartOf":{"@id":"https:\/\/www.silvercoastpropertyservices.com\/fr\/#website"},"datePublished":"2019-01-25T14:38:53+00:00","dateModified":"2024-07-16T12:19:44+00:00","breadcrumb":{"@id":"https:\/\/www.silvercoastpropertyservices.com\/fr\/cookies\/#breadcrumb"},"inLanguage":"fr-FR","potentialAction":[{"@type":"ReadAction","target":["https:\/\/www.silvercoastpropertyservices.com\/fr\/cookies\/"]}]},{"@type":"BreadcrumbList","@id":"https:\/\/www.silvercoastpropertyservices.com\/fr\/cookies\/#breadcrumb","itemListElement":[{"@type":"ListItem","position":1,"name":"Home","item":"https:\/\/www.silvercoastpropertyservices.com\/fr\/"},{"@type":"ListItem","position":2,"name":"Politique de cookies"}]},{"@type":"WebSite","@id":"https:\/\/www.silvercoastpropertyservices.com\/fr\/#website","url":"https:\/\/www.silvercoastpropertyservices.com\/fr\/","name":"2nd Place in Portugal","description":"En nog een WordPress website","publisher":{"@id":"https:\/\/www.silvercoastpropertyservices.com\/fr\/#organization"},"potentialAction":[{"@type":"SearchAction","target":{"@type":"EntryPoint","urlTemplate":"https:\/\/www.silvercoastpropertyservices.com\/fr\/?s={search_term_string}"},"query-input":{"@type":"PropertyValueSpecification","valueRequired":true,"valueName":"search_term_string"}}],"inLanguage":"fr-FR"},{"@type":"Organization","@id":"https:\/\/www.silvercoastpropertyservices.com\/fr\/#organization","name":"2nd Place in Portugal","url":"https:\/\/www.silvercoastpropertyservices.com\/fr\/","logo":{"@type":"ImageObject","inLanguage":"fr-FR","@id":"https:\/\/www.silvercoastpropertyservices.com\/fr\/#\/schema\/logo\/image\/","url":"https:\/\/www.silvercoastpropertyservices.com\/wp-content\/uploads\/2019\/02\/logo-circle.png","contentUrl":"https:\/\/www.silvercoastpropertyservices.com\/wp-content\/uploads\/2019\/02\/logo-circle.png","width":200,"height":200,"caption":"2nd Place in Portugal"},"image":{"@id":"https:\/\/www.silvercoastpropertyservices.com\/fr\/#\/schema\/logo\/image\/"}}]}},"_links":{"self":[{"href":"https:\/\/www.silvercoastpropertyservices.com\/fr\/wp-json\/wp\/v2\/pages\/601","targetHints":{"allow":["GET"]}}],"collection":[{"href":"https:\/\/www.silvercoastpropertyservices.com\/fr\/wp-json\/wp\/v2\/pages"}],"about":[{"href":"https:\/\/www.silvercoastpropertyservices.com\/fr\/wp-json\/wp\/v2\/types\/page"}],"author":[{"embeddable":true,"href":"https:\/\/www.silvercoastpropertyservices.com\/fr\/wp-json\/wp\/v2\/users\/2"}],"replies":[{"embeddable":true,"href":"https:\/\/www.silvercoastpropertyservices.com\/fr\/wp-json\/wp\/v2\/comments?post=601"}],"version-history":[{"count":2,"href":"https:\/\/www.silvercoastpropertyservices.com\/fr\/wp-json\/wp\/v2\/pages\/601\/revisions"}],"predecessor-version":[{"id":4831,"href":"https:\/\/www.silvercoastpropertyservices.com\/fr\/wp-json\/wp\/v2\/pages\/601\/revisions\/4831"}],"wp:attachment":[{"href":"https:\/\/www.silvercoastpropertyservices.com\/fr\/wp-json\/wp\/v2\/media?parent=601"}],"curies":[{"name":"wp","href":"https:\/\/api.w.org\/{rel}","templated":true}]}}