{"id":474,"date":"2019-01-25T17:19:01","date_gmt":"2019-01-25T16:19:01","guid":{"rendered":"https:\/\/www.silvercoastpropertyservices.com\/algemene-voorwaarden\/"},"modified":"2024-07-16T14:18:37","modified_gmt":"2024-07-16T12:18:37","slug":"conditions-generales","status":"publish","type":"page","link":"https:\/\/www.silvercoastpropertyservices.com\/fr\/conditions-generales\/","title":{"rendered":"Conditions G\u00e9n\u00e9rales"},"content":{"rendered":"<p><div class=\"fusion-fullwidth fullwidth-box fusion-builder-row-1 nonhundred-percent-fullwidth non-hundred-percent-height-scrolling\" style=\"--awb-border-radius-top-left:0px;--awb-border-radius-top-right:0px;--awb-border-radius-bottom-right:0px;--awb-border-radius-bottom-left:0px;--awb-padding-top:5%;--awb-padding-bottom:3%;--awb-background-color:#0a86e6;--awb-flex-wrap:wrap;\" ><div class=\"fusion-builder-row fusion-row\"><div class=\"fusion-layout-column fusion_builder_column fusion-builder-column-0 fusion_builder_column_1_2 1_2 fusion-one-half fusion-column-first\" style=\"--awb-bg-size:cover;--awb-margin-bottom:3%;width:50%;width:calc(50% - ( ( 8% ) * 0.5 ) );margin-right: 8%;\"><div class=\"fusion-column-wrapper fusion-flex-column-wrapper-legacy\"><div class=\"fusion-title title fusion-title-1 fusion-sep-none fusion-title-text fusion-title-size-one\" style=\"--awb-text-color:#ffffff;--awb-margin-top-small:0px;--awb-margin-right-small:0px;--awb-margin-bottom-small:20px;--awb-margin-left-small:0px;\"><h1 class=\"fusion-title-heading title-heading-left fusion-responsive-typography-calculated\" style=\"--fontSize:32;line-height:1.4;\">Algemene Voorwaarden<\/h1><\/div><div class=\"fusion-title title fusion-title-2 fusion-sep-none fusion-title-text fusion-title-size-two\" style=\"--awb-text-color:#ffffff;--awb-margin-top-small:0px;--awb-margin-right-small:0px;--awb-margin-bottom-small:20px;--awb-margin-left-small:0px;\"><h2 class=\"fusion-title-heading title-heading-left fusion-responsive-typography-calculated\" style=\"--fontSize:28;line-height:1.25;\">Goede afspraken voor een heerlijke vakantie<\/h2><\/div><div class=\"fusion-clearfix\"><\/div><\/div><\/div><div class=\"fusion-layout-column fusion_builder_column fusion-builder-column-1 fusion_builder_column_1_2 1_2 fusion-one-half fusion-column-last fusion-no-small-visibility fusion-no-medium-visibility\" style=\"--awb-bg-size:cover;--awb-margin-bottom:3%;width:50%;width:calc(50% - ( ( 8% ) * 0.5 ) );\"><div class=\"fusion-column-wrapper fusion-flex-column-wrapper-legacy\"><svg class=\"hero-icon\" height=\"200px\" width=\"200px\" viewBox=\"-40 -20 640 640\" xmlns=\"http:\/\/www.w3.org\/2000\/svg\"><path d=\"m428.667969 80h-300c-27.613281 0-50 22.386719-50 50v310c0 5.523438 4.476562 10 10 10 5.519531 0 10-4.476562 10-10v-310c0-16.566406 13.429687-30 30-30h300c16.566406 0 30 13.433594 30 30v420c0 16.566406-13.433594 30-30 30-16.570313 0-30-13.433594-30-30v-50c0-11.046875-8.957031-20-20-20h-360c-11.046875 0-20 8.953125-20 20v50c0 27.613281 22.386719 50 50 50h380c27.609375 0 50-22.386719 50-50v-420c0-27.613281-22.390625-50-50-50zm-380 500c-16.570313 0-30-13.433594-30-30v-50h360v50c0 10.820312 3.507812 21.34375 10 30zm0 0\"\/><path d=\"m378.667969 200c5.519531 0 10-4.476562 10-10s-4.480469-10-10-10h-160c-5.523438 0-10 4.476562-10 10s4.476562 10 10 10zm0 0\"\/><path d=\"m158.667969 250c0 5.523438 4.476562 10 10 10h210c5.519531 0 10-4.476562 10-10s-4.480469-10-10-10h-210c-5.523438 0-10 4.476562-10 10zm0 0\"\/><path d=\"m168.667969 320h210c5.519531 0 10-4.476562 10-10s-4.480469-10-10-10h-210c-5.523438 0-10 4.476562-10 10s4.476562 10 10 10zm0 0\"\/><path d=\"m168.667969 380h210c5.519531 0 10-4.476562 10-10s-4.480469-10-10-10h-210c-5.523438 0-10 4.476562-10 10s4.476562 10 10 10zm0 0\"\/><path d=\"m168.667969 440h170c5.519531 0 10-4.476562 10-10s-4.480469-10-10-10h-170c-5.523438 0-10 4.476562-10 10s4.476562 10 10 10zm0 0\"\/><path d=\"m508.667969 0h-300c-27.613281 0-50 22.386719-50 50 0 5.523438 4.476562 10 10 10 5.519531 0 10-4.476562 10-10 0-16.566406 13.429687-30 30-30h300c16.566406 0 30 13.433594 30 30v420c0 16.566406-13.433594 30-30 30-5.523438 0-10 4.476562-10 10s4.476562 10 10 10c27.609375 0 50-22.386719 50-50v-420c0-27.613281-22.390625-50-50-50zm0 0\"\/><\/svg><div class=\"fusion-clearfix\"><\/div><\/div><\/div><\/div><\/div><div class=\"fusion-fullwidth fullwidth-box fusion-builder-row-2 nonhundred-percent-fullwidth non-hundred-percent-height-scrolling\" style=\"--awb-border-radius-top-left:0px;--awb-border-radius-top-right:0px;--awb-border-radius-bottom-right:0px;--awb-border-radius-bottom-left:0px;--awb-margin-top:5%;--awb-margin-bottom:10%;--awb-flex-wrap:wrap;\" ><div class=\"fusion-builder-row fusion-row\"><div class=\"fusion-layout-column fusion_builder_column fusion-builder-column-2 fusion_builder_column_1_1 1_1 fusion-one-full fusion-column-first fusion-column-last\" style=\"--awb-bg-size:cover;\"><div class=\"fusion-column-wrapper fusion-flex-column-wrapper-legacy\"><div class=\"fusion-text fusion-text-1\" style=\"--awb-text-transform:none;\"><p>Toutes les propri\u00e9t\u00e9s sur le site sont des propri\u00e9t\u00e9s priv\u00e9es.<\/p>\n<p>SCPS a mis en \u00e2me et conscience les photos et informations sur ce site.<\/p>\n<p>SCPS fait la publicit\u00e9 sur demande des propri\u00e9taires et agit comme interm\u00e9diaire pour propri\u00e9taire et locateur.<\/p>\n<h2><u>Locations de vacances<\/u><\/h2>\n<p>Les prix d\u00e9pendent de la location choisie, du nombre de personnes et des dates.<\/p>\n<p>Les prix peuvent \u00eatre adapt\u00e9s \u00e0 tout moment.<\/p>\n<p>Le prix comprend le co\u00fbt des entreprises d&#8217;utilit\u00e9 publiques : gaz, \u00e9lectricit\u00e9 et eau (sauf en p\u00e9riode d&#8217;hiver o\u00f9 gaz et \u00e9lectricit\u00e9 feront l&#8217;objet d&#8217;un suppl\u00e9ment).<\/p>\n<p>Le prix de nettoyage n\u2019est pas compris et sera factur\u00e9 s\u00e9par\u00e9ment.<\/p>\n<p>Les maisons et appartements de vacances sont nettoy\u00e9s avant votre arriv\u00e9e. Un nettoyage suppl\u00e9mentaire pendant votre s\u00e9jour est possible avec suppl\u00e9ment.<\/p>\n<p>Linge et serviettes de bain sont pr\u00e9vus. Lits enfants, si\u00e8ges b\u00e9b\u00e9 etc. peuvent \u00eatre pr\u00e9vus moyennant un suppl\u00e9ment sauf mentionn\u00e9 dans la description. Tout cela en fonction de la disponibilit\u00e9, nous vous conseillons donc de pr\u00e9venir lors de la r\u00e9servation.<\/p>\n<h2><u>Conditions de location de SCPS<\/u><\/h2>\n<h3><strong>Arriv\u00e9e et d\u00e9part<\/strong><\/h3>\n<p>Le samedi, en principe jour d\u2019arriv\u00e9e\/d\u00e9part est \u00e9ventuellement flexible.<\/p>\n<p>La maison lou\u00e9e est disponible \u00e0 partir de 16h le premier jour de location et doit \u00eatre lib\u00e9r\u00e9e le dernier jour avant 10h. Merci d\u2019organiser votre arriv\u00e9e entre 16h et 19h. En cas d\u2019impossibilit\u00e9, veuillez nous pr\u00e9venir \u00e0 l\u2019avance de l&#8217;heure pr\u00e9vue d&#8217;arriv\u00e9e. Pour des arriv\u00e9es apr\u00e8s 21h, un d\u00e9placement de 30 euros sera demand\u00e9. Les arriv\u00e9es apr\u00e8s 24h seront accept\u00e9es avec un d\u00e9placement de 50 euros.<\/p>\n<h3><strong>R\u00e9servation<\/strong><\/h3>\n<p>La r\u00e9servation d&#8217;une maison ou appartement est obligatoire par e-mail. La r\u00e9servation engage le donneur d&#8217;ordre au moment de l&#8217;e-mail. Les r\u00e9servations faites par internet sont d\u00e9finitives. La clause d&#8217;annulation, pr\u00e9vue par la loi sur l&#8217;achat \u00e0 distance, n&#8217;est pas valable sur la location de maisons ou\u00a0 appartements de vacances \u00e0 travers notre site.<\/p>\n<p>D\u00e8s qu&#8217;une r\u00e9servation est confirm\u00e9e par le propri\u00e9taire, nous vous en informons par e-mail. Vous recevrez la facture par la m\u00eame occasion.<\/p>\n<h3><strong>Prix<\/strong><\/h3>\n<p>L&#8217;utilisation des draps, torchons et serviettes est inclus. Ainsi que l&#8217;eau, le gaz et l\u2019\u00e9lectricit\u00e9, sauf mentionn\u00e9 autrement dans la description.<\/p>\n<p>L\u2019usage de bois pour le feu chemin\u00e9e ou po\u00eale est \u00e0 payer au propri\u00e9taire ou au contact suivant la consommation.<\/p>\n<p>La premi\u00e8re bouteille de gaz pour r\u00e9chaud est inclus.<\/p>\n<h3><strong>Nombre de personnes<\/strong><\/h3>\n<p>Le prix de location est bas\u00e9 sur un nombre d&#8217;utilisateurs donn\u00e9. Il y a souvent de la place pour des personnes suppl\u00e9mentaire, cela doit \u00eatre mentionn\u00e9 et fait l\u2019objet d\u2019un suppl\u00e9ment par personne. Lors de la r\u00e9servation, les nombres de base et maximum sont mentionn\u00e9s\u00a0: par exemple 2\/4 signifie le prix pour 2 avec un maximum de 4. Le montant total, ou le premier acompte, doit \u00eatre pay\u00e9 en fonction.<\/p>\n<p>Les b\u00e9b\u00e9s \u00e0 jusqu\u2019\u00e0 2 ans ne sont pas consid\u00e9r\u00e9s comme locataires (b\u00e9b\u00e9s qui n&#8217;ont pas 3 ans au moment du d\u00e9part).<\/p>\n<h3><strong>R\u00e8glement<\/strong><\/h3>\n<p>Le montant total, ou un premier acompte de 30%, doit \u00eatre pay\u00e9 dans la semaine suivant la r\u00e9ception de la confirmation \/ facture.<\/p>\n<h3><strong>Annulation par locataire<\/strong><\/h3>\n<p>Les annulations doivent \u00eatre confirm\u00e9es par t\u00e9l\u00e9phone ou e-mail.<\/p>\n<p>Les frais d\u2019annulation sont de 30%, \u00e0 partir du moment de la confirmation jusqu&#8217;\u00e0 8 semaines avant le d\u00e9but de la location. De 8 \u00e0 6 semaines avant le d\u00e9but de location, 75% sont dus. Apr\u00e8s cette p\u00e9riode, la totalit\u00e9 est due.<\/p>\n<p>Nous vous recommandons de prendre une assurance annulation ainsi qu\u2019une assurance voyage.<\/p>\n<h3><strong>Annulation<\/strong> <strong>par Micpascale<\/strong><\/h3>\n<p>Si, hors de notre responsabilit\u00e9, nous devons annuler une r\u00e9servation, nous vous proposerons une autre maison ou appartement de la m\u00eame cat\u00e9gorie.<\/p>\n<p>En cas d\u2019impossibilit\u00e9, le montant d\u00e9j\u00e0 pay\u00e9 vous sera rembours\u00e9 sans aucune indemnit\u00e9.<\/p>\n<h3><strong>Piscine<\/strong><\/h3>\n<p>Sauf mentionn\u00e9 autrement, les piscines peuvent \u00eatre utilis\u00e9es d&#8217;avril \u00e0 octobre.<\/p>\n<h3><strong>Animaux de compagnie<\/strong><\/h3>\n<p>Dans certaines maisons, il est possible de venir avec un animal de compagnie.<\/p>\n<p>Il est n\u00e9anmoins n\u00e9cessaire de le mentionner lors de la r\u00e9servation.<\/p>\n<h3><strong>Nettoyage<\/strong><\/h3>\n<p>Le nettoyage final est compris dans le prix total. En revanche, nous vous demandons de laisser la maison dans un \u00e9tat convenable : balayer, faire la vaisselle, d\u00e9faire les lits, enlever les d\u00e9chets, etc. sous peine que cela soit d\u00e9bit\u00e9 de la caution.<\/p>\n<h3><strong>Eau, \u00e9lectricit\u00e9<\/strong><\/h3>\n<p>En p\u00e9riode de grande s\u00e9cheresse en \u00e9t\u00e9, il arrive parfois que l&#8217;eau soit coup\u00e9e dans certains villages. Cela peut se produire \u00e9galement avec l\u2019\u00e9lectricit\u00e9 en cas d\u2019intemp\u00e9ries.<\/p>\n<p>Nous n\u2019en sommes pas responsables.<\/p>\n<h3><strong>Responsabilit\u00e9<\/strong><\/h3>\n<p>Pendant son s\u00e9jour, le locataire est responsable de la maison ou appartement, les meubles et tous les objets s\u2019y trouvant.<\/p>\n<p>Tous d\u00e9gats caus\u00e9s par le locataire ou les co-locataires doivent \u00eatre annonc\u00e9s et r\u00e9gl\u00e9s imm\u00e9diatement au propri\u00e9taire ou au contact.<\/p>\n<p>Le propri\u00e9taire ou le contact peuvent contr\u00f4ler les lieux avant le d\u00e9part.<\/p>\n<p>Nous n&#8217;acceptons pas de responsabilit\u00e9s pour les d\u00e9gats ou incommodit\u00e9s, de n&#8217;importe quelle origine, caus\u00e9s par les locataires ou autres personnes qui se trouvent dans ou autour de la location.<\/p>\n<h3><strong>Caution<\/strong><\/h3>\n<p>Notre partenaire Swikly.com assure la gestion des cautions. Nous vous fournirons donc un lien que vous devrez accepter pour valider le contrat. Il s\u2019agit d\u2019une caution non encaiss\u00e9e, qui sera d\u00e9bit\u00e9e seulement en cas de probl\u00e8me.<\/p>\n<\/div><div class=\"fusion-clearfix\"><\/div><\/div><\/div><\/div><\/div><\/p>\n","protected":false},"excerpt":{"rendered":"","protected":false},"author":2,"featured_media":0,"parent":0,"menu_order":22,"comment_status":"closed","ping_status":"closed","template":"100-width.php","meta":{"footnotes":""},"class_list":["post-474","page","type-page","status-publish","hentry"],"yoast_head":"<!-- This site is optimized with the Yoast SEO plugin v27.6 - https:\/\/yoast.com\/product\/yoast-seo-wordpress\/ -->\n<title>Conditions G\u00e9n\u00e9rales - 2nd Place in Portugal<\/title>\n<meta name=\"robots\" content=\"noindex, follow\" \/>\n<meta property=\"og:locale\" content=\"fr_FR\" \/>\n<meta property=\"og:type\" content=\"article\" \/>\n<meta property=\"og:title\" content=\"Conditions G\u00e9n\u00e9rales - 2nd Place in Portugal\" \/>\n<meta property=\"og:url\" content=\"https:\/\/www.silvercoastpropertyservices.com\/fr\/conditions-generales\/\" \/>\n<meta property=\"og:site_name\" content=\"2nd Place in Portugal\" \/>\n<meta property=\"article:modified_time\" content=\"2024-07-16T12:18:37+00:00\" \/>\n<meta name=\"twitter:card\" content=\"summary_large_image\" \/>\n<meta name=\"twitter:label1\" content=\"Dur\u00e9e de lecture estim\u00e9e\" \/>\n\t<meta name=\"twitter:data1\" content=\"4 minutes\" \/>\n<script type=\"application\/ld+json\" class=\"yoast-schema-graph\">{\"@context\":\"https:\\\/\\\/schema.org\",\"@graph\":[{\"@type\":\"WebPage\",\"@id\":\"https:\\\/\\\/www.silvercoastpropertyservices.com\\\/fr\\\/conditions-generales\\\/\",\"url\":\"https:\\\/\\\/www.silvercoastpropertyservices.com\\\/fr\\\/conditions-generales\\\/\",\"name\":\"Conditions G\u00e9n\u00e9rales - 2nd Place in Portugal\",\"isPartOf\":{\"@id\":\"https:\\\/\\\/www.silvercoastpropertyservices.com\\\/fr\\\/#website\"},\"datePublished\":\"2019-01-25T16:19:01+00:00\",\"dateModified\":\"2024-07-16T12:18:37+00:00\",\"breadcrumb\":{\"@id\":\"https:\\\/\\\/www.silvercoastpropertyservices.com\\\/fr\\\/conditions-generales\\\/#breadcrumb\"},\"inLanguage\":\"fr-FR\",\"potentialAction\":[{\"@type\":\"ReadAction\",\"target\":[\"https:\\\/\\\/www.silvercoastpropertyservices.com\\\/fr\\\/conditions-generales\\\/\"]}]},{\"@type\":\"BreadcrumbList\",\"@id\":\"https:\\\/\\\/www.silvercoastpropertyservices.com\\\/fr\\\/conditions-generales\\\/#breadcrumb\",\"itemListElement\":[{\"@type\":\"ListItem\",\"position\":1,\"name\":\"Home\",\"item\":\"https:\\\/\\\/www.silvercoastpropertyservices.com\\\/fr\\\/\"},{\"@type\":\"ListItem\",\"position\":2,\"name\":\"Conditions G\u00e9n\u00e9rales\"}]},{\"@type\":\"WebSite\",\"@id\":\"https:\\\/\\\/www.silvercoastpropertyservices.com\\\/fr\\\/#website\",\"url\":\"https:\\\/\\\/www.silvercoastpropertyservices.com\\\/fr\\\/\",\"name\":\"2nd Place in Portugal\",\"description\":\"En nog een WordPress website\",\"publisher\":{\"@id\":\"https:\\\/\\\/www.silvercoastpropertyservices.com\\\/fr\\\/#organization\"},\"potentialAction\":[{\"@type\":\"SearchAction\",\"target\":{\"@type\":\"EntryPoint\",\"urlTemplate\":\"https:\\\/\\\/www.silvercoastpropertyservices.com\\\/fr\\\/?s={search_term_string}\"},\"query-input\":{\"@type\":\"PropertyValueSpecification\",\"valueRequired\":true,\"valueName\":\"search_term_string\"}}],\"inLanguage\":\"fr-FR\"},{\"@type\":\"Organization\",\"@id\":\"https:\\\/\\\/www.silvercoastpropertyservices.com\\\/fr\\\/#organization\",\"name\":\"2nd Place in Portugal\",\"url\":\"https:\\\/\\\/www.silvercoastpropertyservices.com\\\/fr\\\/\",\"logo\":{\"@type\":\"ImageObject\",\"inLanguage\":\"fr-FR\",\"@id\":\"https:\\\/\\\/www.silvercoastpropertyservices.com\\\/fr\\\/#\\\/schema\\\/logo\\\/image\\\/\",\"url\":\"https:\\\/\\\/www.silvercoastpropertyservices.com\\\/wp-content\\\/uploads\\\/2019\\\/02\\\/logo-circle.png\",\"contentUrl\":\"https:\\\/\\\/www.silvercoastpropertyservices.com\\\/wp-content\\\/uploads\\\/2019\\\/02\\\/logo-circle.png\",\"width\":200,\"height\":200,\"caption\":\"2nd Place in Portugal\"},\"image\":{\"@id\":\"https:\\\/\\\/www.silvercoastpropertyservices.com\\\/fr\\\/#\\\/schema\\\/logo\\\/image\\\/\"}}]}<\/script>\n<!-- \/ Yoast SEO plugin. -->","yoast_head_json":{"title":"Conditions G\u00e9n\u00e9rales - 2nd Place in Portugal","robots":{"index":"noindex","follow":"follow"},"og_locale":"fr_FR","og_type":"article","og_title":"Conditions G\u00e9n\u00e9rales - 2nd Place in Portugal","og_url":"https:\/\/www.silvercoastpropertyservices.com\/fr\/conditions-generales\/","og_site_name":"2nd Place in Portugal","article_modified_time":"2024-07-16T12:18:37+00:00","twitter_card":"summary_large_image","twitter_misc":{"Dur\u00e9e de lecture estim\u00e9e":"4 minutes"},"schema":{"@context":"https:\/\/schema.org","@graph":[{"@type":"WebPage","@id":"https:\/\/www.silvercoastpropertyservices.com\/fr\/conditions-generales\/","url":"https:\/\/www.silvercoastpropertyservices.com\/fr\/conditions-generales\/","name":"Conditions G\u00e9n\u00e9rales - 2nd Place in Portugal","isPartOf":{"@id":"https:\/\/www.silvercoastpropertyservices.com\/fr\/#website"},"datePublished":"2019-01-25T16:19:01+00:00","dateModified":"2024-07-16T12:18:37+00:00","breadcrumb":{"@id":"https:\/\/www.silvercoastpropertyservices.com\/fr\/conditions-generales\/#breadcrumb"},"inLanguage":"fr-FR","potentialAction":[{"@type":"ReadAction","target":["https:\/\/www.silvercoastpropertyservices.com\/fr\/conditions-generales\/"]}]},{"@type":"BreadcrumbList","@id":"https:\/\/www.silvercoastpropertyservices.com\/fr\/conditions-generales\/#breadcrumb","itemListElement":[{"@type":"ListItem","position":1,"name":"Home","item":"https:\/\/www.silvercoastpropertyservices.com\/fr\/"},{"@type":"ListItem","position":2,"name":"Conditions G\u00e9n\u00e9rales"}]},{"@type":"WebSite","@id":"https:\/\/www.silvercoastpropertyservices.com\/fr\/#website","url":"https:\/\/www.silvercoastpropertyservices.com\/fr\/","name":"2nd Place in Portugal","description":"En nog een WordPress website","publisher":{"@id":"https:\/\/www.silvercoastpropertyservices.com\/fr\/#organization"},"potentialAction":[{"@type":"SearchAction","target":{"@type":"EntryPoint","urlTemplate":"https:\/\/www.silvercoastpropertyservices.com\/fr\/?s={search_term_string}"},"query-input":{"@type":"PropertyValueSpecification","valueRequired":true,"valueName":"search_term_string"}}],"inLanguage":"fr-FR"},{"@type":"Organization","@id":"https:\/\/www.silvercoastpropertyservices.com\/fr\/#organization","name":"2nd Place in Portugal","url":"https:\/\/www.silvercoastpropertyservices.com\/fr\/","logo":{"@type":"ImageObject","inLanguage":"fr-FR","@id":"https:\/\/www.silvercoastpropertyservices.com\/fr\/#\/schema\/logo\/image\/","url":"https:\/\/www.silvercoastpropertyservices.com\/wp-content\/uploads\/2019\/02\/logo-circle.png","contentUrl":"https:\/\/www.silvercoastpropertyservices.com\/wp-content\/uploads\/2019\/02\/logo-circle.png","width":200,"height":200,"caption":"2nd Place in Portugal"},"image":{"@id":"https:\/\/www.silvercoastpropertyservices.com\/fr\/#\/schema\/logo\/image\/"}}]}},"_links":{"self":[{"href":"https:\/\/www.silvercoastpropertyservices.com\/fr\/wp-json\/wp\/v2\/pages\/474","targetHints":{"allow":["GET"]}}],"collection":[{"href":"https:\/\/www.silvercoastpropertyservices.com\/fr\/wp-json\/wp\/v2\/pages"}],"about":[{"href":"https:\/\/www.silvercoastpropertyservices.com\/fr\/wp-json\/wp\/v2\/types\/page"}],"author":[{"embeddable":true,"href":"https:\/\/www.silvercoastpropertyservices.com\/fr\/wp-json\/wp\/v2\/users\/2"}],"replies":[{"embeddable":true,"href":"https:\/\/www.silvercoastpropertyservices.com\/fr\/wp-json\/wp\/v2\/comments?post=474"}],"version-history":[{"count":1,"href":"https:\/\/www.silvercoastpropertyservices.com\/fr\/wp-json\/wp\/v2\/pages\/474\/revisions"}],"predecessor-version":[{"id":4559,"href":"https:\/\/www.silvercoastpropertyservices.com\/fr\/wp-json\/wp\/v2\/pages\/474\/revisions\/4559"}],"wp:attachment":[{"href":"https:\/\/www.silvercoastpropertyservices.com\/fr\/wp-json\/wp\/v2\/media?parent=474"}],"curies":[{"name":"wp","href":"https:\/\/api.w.org\/{rel}","templated":true}]}}