{"id":425,"date":"2019-01-25T15:15:41","date_gmt":"2019-01-25T14:15:41","guid":{"rendered":"https:\/\/www.silvercoastpropertyservices.com\/privacy\/"},"modified":"2024-07-16T14:20:22","modified_gmt":"2024-07-16T12:20:22","slug":"confidentialite","status":"publish","type":"page","link":"https:\/\/www.silvercoastpropertyservices.com\/fr\/confidentialite\/","title":{"rendered":"Politique de confidentialit\u00e9"},"content":{"rendered":"<p><div class=\"fusion-fullwidth fullwidth-box fusion-builder-row-1 nonhundred-percent-fullwidth non-hundred-percent-height-scrolling\" style=\"--awb-border-radius-top-left:0px;--awb-border-radius-top-right:0px;--awb-border-radius-bottom-right:0px;--awb-border-radius-bottom-left:0px;--awb-padding-top:5%;--awb-padding-bottom:3%;--awb-background-color:#0a86e6;--awb-flex-wrap:wrap;\" ><div class=\"fusion-builder-row fusion-row\"><div class=\"fusion-layout-column fusion_builder_column fusion-builder-column-0 fusion_builder_column_1_2 1_2 fusion-one-half fusion-column-first\" style=\"--awb-bg-size:cover;--awb-margin-bottom:3%;width:50%;width:calc(50% - ( ( 8% ) * 0.5 ) );margin-right: 8%;\"><div class=\"fusion-column-wrapper fusion-flex-column-wrapper-legacy\"><div class=\"fusion-title title fusion-title-1 fusion-sep-none fusion-title-text fusion-title-size-one\" style=\"--awb-text-color:#ffffff;--awb-margin-top-small:0px;--awb-margin-right-small:0px;--awb-margin-bottom-small:20px;--awb-margin-left-small:0px;\"><h1 class=\"fusion-title-heading title-heading-left fusion-responsive-typography-calculated\" style=\"--fontSize:32;line-height:1.4;\">Vie priv\u00e9e<\/h1><\/div><div class=\"fusion-title title fusion-title-2 fusion-sep-none fusion-title-text fusion-title-size-two\" style=\"--awb-text-color:#ffffff;--awb-margin-top-small:0px;--awb-margin-right-small:0px;--awb-margin-bottom-small:20px;--awb-margin-left-small:0px;\"><h2 class=\"fusion-title-heading title-heading-left fusion-responsive-typography-calculated\" style=\"--fontSize:28;line-height:1.25;\">Notre engagement<\/h2><\/div><div class=\"fusion-clearfix\"><\/div><\/div><\/div><div class=\"fusion-layout-column fusion_builder_column fusion-builder-column-1 fusion_builder_column_1_2 1_2 fusion-one-half fusion-column-last fusion-no-small-visibility fusion-no-medium-visibility\" style=\"--awb-bg-size:cover;--awb-margin-bottom:3%;width:50%;width:calc(50% - ( ( 8% ) * 0.5 ) );\"><div class=\"fusion-column-wrapper fusion-flex-column-wrapper-legacy\"><svg class=\"hero-icon\" height=\"200px\" width=\"200px\" viewBox=\"0 0 328.816 328.816\" xmlns=\"http:\/\/www.w3.org\/2000\/svg\">\n<path d=\"M253.982,328.816H74.834c-24.801,0-44.988-20.187-44.988-44.988V174.572c0-24.043,18.959-43.747,42.713-44.93v-37.79\n\t\tC72.559,41.202,113.761,0,164.405,0c50.637,0,91.852,41.202,91.852,91.852v37.79c23.747,1.189,42.713,20.887,42.713,44.93v109.256\n\t\tC298.97,308.629,278.79,328.816,253.982,328.816z M74.834,142.438c-17.719,0-32.134,14.415-32.134,32.134v109.256\n\t\tc0,17.719,14.415,32.134,32.134,32.134h179.148c17.712,0,32.134-14.415,32.134-32.134V174.572\n\t\tc0-17.719-14.422-32.134-32.134-32.134h-10.579V91.852c0-43.561-35.438-78.999-78.999-78.999\n\t\tc-43.555,0-78.992,35.438-78.992,78.999v50.586C85.413,142.438,74.834,142.438,74.834,142.438z M230.55,142.438H98.266V91.852\n\t\tc0-36.472,29.666-66.145,66.139-66.145c36.466,0,66.145,29.673,66.145,66.145V142.438z M111.12,129.584h106.576V91.852\n\t\tc0-29.383-23.914-53.291-53.291-53.291S111.12,62.469,111.12,91.852V129.584z M164.405,184.919\n\t\tc-11.838,0-21.427,9.595-21.427,21.427s9.589,21.421,21.427,21.421c11.825,0,21.427-9.589,21.427-21.421\n\t\tS176.237,184.919,164.405,184.919z M174.99,213.339c0-5.842-4.73-10.579-10.585-10.579l0,0c-5.836,0-10.579,4.73-10.579,10.579\n\t\tv49.557c0,5.842,4.743,10.579,10.579,10.579l0,0c5.855,0,10.585-4.737,10.585-10.579V213.339z\"\/><\/svg>\n<div class=\"fusion-clearfix\"><\/div><\/div><\/div><\/div><\/div><div class=\"fusion-fullwidth fullwidth-box fusion-builder-row-2 nonhundred-percent-fullwidth non-hundred-percent-height-scrolling\" style=\"--awb-border-radius-top-left:0px;--awb-border-radius-top-right:0px;--awb-border-radius-bottom-right:0px;--awb-border-radius-bottom-left:0px;--awb-margin-top:5%;--awb-margin-bottom:10%;--awb-flex-wrap:wrap;\" ><div class=\"fusion-builder-row fusion-row\"><div class=\"fusion-layout-column fusion_builder_column fusion-builder-column-2 fusion_builder_column_1_1 1_1 fusion-one-full fusion-column-first fusion-column-last\" style=\"--awb-bg-size:cover;--awb-margin-bottom:0px;\"><div class=\"fusion-column-wrapper fusion-flex-column-wrapper-legacy\"><div class=\"fusion-text fusion-text-1\"><h2>D\u00e9claration de confidentialit\u00e9<\/h2>\n<p>Conform\u00e9ment \u00e0 la nouvelle l\u00e9gislation GDPR du 25 mai 2018, en tant qu&#8217;entreprise bas\u00e9e dans l&#8217;UE, nous vous informons, en tant que citoyen de l&#8217;UE, de mani\u00e8re claire et transparente, que nous collectons des donn\u00e9es personnelles par le biais de notre site web.<\/p>\n<p>Dans cette d\u00e9claration de confidentialit\u00e9, vous pouvez lire quelles sont les donn\u00e9es personnelles que nous collectons aupr\u00e8s de vous en tant que client ou utilisateur de notre site web, comment nous les traitons, quels sont vos droits et avec quelles parties nous coop\u00e9rons. Nous estimons qu&#8217;il est important que nos services soient fiables et transparents. Nous traitons vos donn\u00e9es personnelles avec discr\u00e9tion et soin et veillons \u00e0 respecter les lois et r\u00e9glementations applicables.\u00a0Si vous avez des questions \u00e0 ce sujet, vous pouvez nous joindre \u00e0 l&#8217;adresse suivante <a href=\"mailto:privacy@silvercoastpropertyservices.com\">privacy@silvercoastpropertyservices.com<\/a>.<\/p>\n<h2>1. Responsable<\/h2>\n<p>Il s&#8217;agit de la politique de confidentialit\u00e9 de<br \/>\nMicpascale lda<br \/>\nRua Da Boavista s\/n Serra dos Mangues<br \/>\n2460 \u2013 697 S\u00e3o Martinho do Porto<br \/>\nPortugal,<br \/>\nla personne responsable du traitement de vos donn\u00e9es personnelles via le site web &#8211; https:\/\/www.silvercoastpropertyservices.com &#8211; et lorsque vous nous contactez.<\/p>\n<h2>2. Quelles sont les donn\u00e9es personnelles que nous collectons et pourquoi ?<\/h2>\n<p>Dans cette section, vous trouverez des informations sur les diff\u00e9rentes finalit\u00e9s pour lesquelles <strong>2ndplaceinPortugal<\/strong> traite vos donn\u00e9es personnelles, leur nature, la base juridique de leur utilisation et la dur\u00e9e de conservation desdites donn\u00e9es.<\/p>\n<h3>2.1 Traitement de vos demandes ou r\u00e9servations<\/h3>\n<p>Lorsque vous effectuez une r\u00e9servation ou une demande, nous vous demandons de saisir certaines donn\u00e9es personnelles. Nous traitons les informations que vous avez saisies ou fournies d&#8217;une autre mani\u00e8re, telles que votre nom, votre adresse \u00e9lectronique, votre num\u00e9ro de t\u00e9l\u00e9phone, votre adresse, la composition de votre groupe de voyageurs, les d\u00e9tails de l&#8217;h\u00e9bergement, la dur\u00e9e du s\u00e9jour, les \u00e9ventuels \u00e9quipements sp\u00e9ciaux et les d\u00e9tails du paiement.<\/p>\n<p>En faisant une demande de renseignements ou une r\u00e9servation, vous \u00eates automatiquement inclus dans notre base de donn\u00e9es d&#8217;adresses. Nous utilisons vos donn\u00e9es pour communiquer l&#8217;\u00e9tat de votre r\u00e9servation et de votre paiement, pour effectuer la r\u00e9servation pour vous, pour vous envoyer les informations n\u00e9cessaires concernant votre s\u00e9jour et pour vous envoyer des messages de service. Nous utilisons \u00e9galement les donn\u00e9es relatives aux r\u00e9servations et aux demandes de renseignements pour effectuer des analyses et \u00e9tablir des rapports \u00e0 un niveau agr\u00e9g\u00e9 pour notre gestion strat\u00e9gique et op\u00e9rationnelle.<\/p>\n<p>Si vous ne souhaitez pas communiquer votre adresse e-mail lors d&#8217;une demande ou d&#8217;une r\u00e9servation, vous pouvez toujours r\u00e9server votre s\u00e9jour par t\u00e9l\u00e9phone via le service client\u00e8le. Les autres donn\u00e9es personnelles mentionn\u00e9es ici seront toujours requises.<\/p>\n<p><strong>2ndplaceinPortugal<\/strong> traite les donn\u00e9es personnelles mentionn\u00e9es ci-dessus pour r\u00e9aliser votre demande ou votre r\u00e9servation, elles sont donc n\u00e9cessaires \u00e0 l&#8217;ex\u00e9cution du contrat entre vous et <strong>2ndplaceinPortugal<\/strong>. Les donn\u00e9es personnelles que nous traitons dans le cadre de votre demande ou de votre r\u00e9servation sont conserv\u00e9es en g\u00e9n\u00e9ral pendant sept ans, ce qui est conforme aux d\u00e9lais l\u00e9gaux.<\/p>\n<h3>2.2 Envoi de la newsletter<\/h3>\n<p>Si vous vous \u00eates inscrit \u00e0 la lettre d&#8217;information via ce site web, nous utiliserons l&#8217;adresse \u00e9lectronique que vous avez fournie pour vous l&#8217;envoyer. Vous serez alors automatiquement inclus dans notre fichier d&#8217;adresses.<\/p>\n<p>Cet envoi a lieu soit pour r\u00e9pondre \u00e0 votre abonnement, ce qui est n\u00e9cessaire pour ex\u00e9cuter le contrat entre vous et <strong>2ndplaceinPortugal<\/strong>, soit parce qu&#8217;il est dans l&#8217;int\u00e9r\u00eat l\u00e9gitime de <strong>2ndplaceinPortugal<\/strong> de vous informer sur ses services. \u00c0 moins que votre adresse \u00e9lectronique ne soit \u00e9galement collect\u00e9e ou utilis\u00e9e \u00e0 l&#8217;une des autres fins mentionn\u00e9es dans la pr\u00e9sente d\u00e9claration de confidentialit\u00e9, nous rendrons votre adresse \u00e9lectronique anonyme imm\u00e9diatement apr\u00e8s votre d\u00e9sinscription de la newsletter. Si nous conservons votre adresse \u00e9lectronique \u00e0 d&#8217;autres fins, nous veillerons bien entendu \u00e0 ce que vous ne receviez plus la newsletter.<\/p>\n<h3>2.3 R\u00e9pondre \u00e0 vos questions ou plaintes et aux courriels de service<\/h3>\n<p>Les questions concernant votre r\u00e9servation, votre demande de renseignements ou tout autre commentaire ou plainte peuvent nous \u00eatre envoy\u00e9es par e-mail, WhatsApp ou par t\u00e9l\u00e9phone au service client\u00e8le. Dans ce cas, nous utiliserons vos donn\u00e9es personnelles pour traiter vos questions, pour pouvoir vous recontacter et pour prendre toute autre mesure n\u00e9cessaire en rapport. Nous enregistrons la raison de ce contact et le contenu de ce qui a \u00e9t\u00e9 discut\u00e9 ou des courriels \u00e9chang\u00e9s. Si vous ne figurez pas encore dans notre fichier d&#8217;adresses, le service client\u00e8le peut, avec votre accord, enregistrer votre demande et vos coordonn\u00e9es afin de pouvoir mieux vous servir et traiter plus efficacement toute demande ou r\u00e9servation future. Si vous n&#8217;avez pas effectu\u00e9 de r\u00e9servation en ligne, nous pouvons vous contacter pour vous la rappeler la r\u00e9servation, pour vous demander si quelque chose n&#8217;a pas fonctionn\u00e9 ou pour vous proposer d&#8217;autres propri\u00e9t\u00e9s qui pourraient vous int\u00e9resser.<\/p>\n<p>Ces informations sont n\u00e9cessaires pour honorer le contrat avec vous et pour que <strong>2ndplaceinPortugal<\/strong> puisse vous servir au mieux.<\/p>\n<p>Les informations que le service client\u00e8le stocke \u00e0 votre sujet seront conserv\u00e9es pendant sept ans.<\/p>\n<h3>2.4 Informations sur votre visite et votre utilisation du site web 2ndplaceinPortugal<\/h3>\n<p>Notre site web utilise Google Analytics. Lorsque vous le visitez, certaines de vos donn\u00e9es sont automatiquement enregistr\u00e9es sur notre serveur, telles que les pages que vous visitez, votre adresse IP (un num\u00e9ro unique automatiquement attribu\u00e9 \u00e0 votre ordinateur par votre fournisseur de services Internet), le nom de votre syst\u00e8me informatique et le type de navigateur Internet. Nous suivons \u00e9galement votre utilisation de la lettre d&#8217;information, par exemple les pages que vous consultez et les sections que vous lisez, afin de mieux en adapter le contenu \u00e0 vos int\u00e9r\u00eats.<\/p>\n<p>Les donn\u00e9es relatives \u00e0 votre comportement en mati\u00e8re de clics et de recherche et les autres donn\u00e9es enregistr\u00e9es dans le cadre de votre visite sur le site web sont conserv\u00e9es pendant deux ans.<\/p>\n<h3>2.5 Cookies<\/h3>\n<p>La plupart des informations contenues dans cette d\u00e9claration de confidentialit\u00e9 sont collect\u00e9es par le biais de cookies. Les cookies sont de petits fichiers texte que votre navigateur enregistre lorsque vous visitez notre site web. <strong>2ndplaceinPortugal<\/strong> utilise des cookies pour am\u00e9liorer votre visite. Si vous visitez \u00e0 nouveau notre site web, votre appareil ou votre navigateur sera reconnu. Cela est n\u00e9cessaire pour sauvegarder les informations de votre compte afin que vous n&#8217;ayez pas \u00e0 les saisir \u00e0 nouveau, mais aussi pour mesurer et analyser votre utilisation de notre site web. Le cas \u00e9ch\u00e9ant, il vous sera toujours demand\u00e9 l&#8217;autorisation de placer ces cookies. Dans notre <a href=\"https:\/\/www.silvercoastpropertyservices.com\/fr\/cookies\/\">politique en mati\u00e8re de cookies<\/a>, vous pouvez en savoir plus sur leur utilisation par <strong>2ndplaceinPortugal<\/strong>, y compris sur les cookies plac\u00e9s, leur objectif et la p\u00e9riode de conservation.<\/p>\n<h3>2.6 Contenu int\u00e9gr\u00e9 d&#8217;autres sites web<\/h3>\n<p>Les messages et les pages de ce site web peuvent contenir du contenu int\u00e9gr\u00e9 (par exemple, des vid\u00e9os, des images, des articles, etc.). Ce contenu int\u00e9gr\u00e9 se comporte exactement comme si le visiteur avait visit\u00e9 l&#8217;autre site web.<\/p>\n<p>Ces sites web peuvent recueillir des informations sur vous, utiliser des cookies, int\u00e9grer un suivi suppl\u00e9mentaire par des tiers et surveiller votre interaction avec ce contenu, y compris le suivi de votre interaction avec le contenu int\u00e9gr\u00e9 si vous avez un compte et \u00eates connect\u00e9 \u00e0 ce site web.<\/p>\n<h2>Quels droits avez-vous sur vos propres donn\u00e9es ?<\/h2>\n<h3>Portabilit\u00e9 des donn\u00e9es<\/h3>\n<p>Si vous avez un compte sur ce site web, vous pouvez demander le fichier d&#8217;exportation de vos donn\u00e9es personnelles que nous d\u00e9tenons, y compris les donn\u00e9es que vous nous avez fournies.<\/p>\n<h3>Droit d&#8217;acc\u00e8s, de correction et de suppression<\/h3>\n<p>Vous pouvez \u00e9galement demander \u00e0 voir, corriger ou supprimer vos donn\u00e9es personnelles. Toutefois, cela ne s&#8217;applique pas aux donn\u00e9es que nous sommes oblig\u00e9s de conserver \u00e0 des fins administratives, juridiques ou de s\u00e9curit\u00e9. Vous avez \u00e9galement le droit de retirer votre consentement pr\u00e9c\u00e9dent ou de vous opposer au traitement de vos donn\u00e9es personnelles par nos soins. Les administrateurs de ce site web peuvent \u00e9galement consulter et modifier ces donn\u00e9es.<\/p>\n<p>Toute demande doit \u00eatre envoy\u00e9e \u00e0 <a href=\"mailto:privacy@silvercoastpropertyservices.com\">privacy@silvercoastpropertyservices.com<\/a> avec une copie de votre carte d&#8217;identit\u00e9 afin que nous puissions confirmer que vous seul et personne d&#8217;autre ne puisse consulter vos donn\u00e9es. Vous pouvez rendre illisible sur cette copie votre photo d&#8217;identit\u00e9, votre num\u00e9ro de carte et votre num\u00e9ro d&#8217;enregistrement national afin de prot\u00e9ger votre vie priv\u00e9e.<\/p>\n<p>Vous avez toujours la possibilit\u00e9 d&#8217;introduire une plainte aupr\u00e8s de l&#8217;autorit\u00e9 nationale de contr\u00f4le, la Commission de la protection de la vie priv\u00e9e (rue Drukpers 35, 1000 Bruxelles &#8211; <a href=\"mailto:commission@privacycommission.be\">commission@privacycommission.be<\/a>).<\/p>\n<h2>Informations compl\u00e9mentaires<\/h2>\n<h3>Comment nous prot\u00e9geons vos donn\u00e9es<\/h3>\n<p>Nous prenons au s\u00e9rieux la protection de vos donn\u00e9es et prenons des mesures appropri\u00e9es pour \u00e9viter toute utilisation abusive, perte, acc\u00e8s non autoris\u00e9, divulgation non souhait\u00e9e et modification non autoris\u00e9e. Si vous estimez que vos donn\u00e9es ne sont pas prot\u00e9g\u00e9es de mani\u00e8re ad\u00e9quate ou qu&#8217;il existe des indices d&#8217;abus, veuillez nous contacter \u00e0 l&#8217;adresse suivante\u00a0<a href=\"mailto:privacy@silvercoastpropertyservices.com\">privacy@silvercoastpropertyservices.com<\/a>.<\/p>\n<p>Nous avons pris les mesures suivantes pour prot\u00e9ger vos donn\u00e9es personnelles :<\/p>\n<ul>\n<li>Notre fournisseur d&#8217;h\u00e9bergement est enti\u00e8rement conforme au GDPR. Ici <a href=\"https:\/\/www.siteground.com\/term\/301.htm\" target=\"_blank\" rel=\"noopener\">Data Processing Agreement<\/a>, vous pouvez lire quelles sont leurs responsabilit\u00e9s concernant les serveurs sur lesquels vos donn\u00e9es sont stock\u00e9es.<\/li>\n<li>Les serveurs et les appareils de nos employ\u00e9s sont \u00e9quip\u00e9s de logiciels de s\u00e9curit\u00e9 \u00e0 jour, tels qu&#8217;un scanner de virus et un pare-feu.<\/li>\n<li>Nous ne transmettons vos donn\u00e9es que par des connexions internet s\u00e9curis\u00e9es. Vous pouvez le voir en haut \u00e0 gauche de la barre d&#8217;adresse sous la forme de &#8220;https&#8221; et du cadenas vert.<\/li>\n<\/ul>\n<h3>Les proc\u00e9dures que nous avons mises en place en cas de violation des donn\u00e9es.<\/h3>\n<p>Lorsque nous d\u00e9tectons une violation de donn\u00e9es, nous nous engageons \u00e0 la signaler \u00e0 la Commission de la protection de la vie priv\u00e9e dans les 72 heures, \u00e0 moins que l&#8217;int\u00e9grit\u00e9 des donn\u00e9es collect\u00e9es ne soit pas compromise.<\/p>\n<h3>Quelle prise de d\u00e9cision et\/ou quel profilage automatis\u00e9 faisons-nous avec les donn\u00e9es des utilisateurs ?<\/h3>\n<p>Nous ne prenons aucune d\u00e9cision bas\u00e9e sur un traitement automatis\u00e9 (algorithmes) qui pourrait vous nuire. Vos donn\u00e9es ne seront pas non plus utilis\u00e9es \u00e0 des fins de marketing direct ou de profilage automatique.<\/p>\n<\/div><div class=\"fusion-clearfix\"><\/div><\/div><\/div><\/div><\/div><\/p>\n","protected":false},"excerpt":{"rendered":"","protected":false},"author":2,"featured_media":0,"parent":0,"menu_order":21,"comment_status":"closed","ping_status":"closed","template":"100-width.php","meta":{"footnotes":""},"class_list":["post-425","page","type-page","status-publish","hentry"],"yoast_head":"<!-- This site is optimized with the Yoast SEO plugin v27.6 - https:\/\/yoast.com\/product\/yoast-seo-wordpress\/ -->\n<title>Politique de confidentialit\u00e9 - 2nd Place in Portugal<\/title>\n<meta name=\"robots\" content=\"noindex, follow\" \/>\n<meta property=\"og:locale\" content=\"fr_FR\" \/>\n<meta property=\"og:type\" content=\"article\" \/>\n<meta property=\"og:title\" content=\"Politique de confidentialit\u00e9 - 2nd Place in Portugal\" \/>\n<meta property=\"og:url\" content=\"https:\/\/www.silvercoastpropertyservices.com\/fr\/confidentialite\/\" \/>\n<meta property=\"og:site_name\" content=\"2nd Place in Portugal\" \/>\n<meta property=\"article:modified_time\" content=\"2024-07-16T12:20:22+00:00\" \/>\n<meta name=\"twitter:card\" content=\"summary_large_image\" \/>\n<meta name=\"twitter:label1\" content=\"Dur\u00e9e de lecture estim\u00e9e\" \/>\n\t<meta name=\"twitter:data1\" content=\"8 minutes\" \/>\n<script type=\"application\/ld+json\" class=\"yoast-schema-graph\">{\"@context\":\"https:\\\/\\\/schema.org\",\"@graph\":[{\"@type\":\"WebPage\",\"@id\":\"https:\\\/\\\/www.silvercoastpropertyservices.com\\\/fr\\\/confidentialite\\\/\",\"url\":\"https:\\\/\\\/www.silvercoastpropertyservices.com\\\/fr\\\/confidentialite\\\/\",\"name\":\"Politique de confidentialit\u00e9 - 2nd Place in Portugal\",\"isPartOf\":{\"@id\":\"https:\\\/\\\/www.silvercoastpropertyservices.com\\\/fr\\\/#website\"},\"datePublished\":\"2019-01-25T14:15:41+00:00\",\"dateModified\":\"2024-07-16T12:20:22+00:00\",\"breadcrumb\":{\"@id\":\"https:\\\/\\\/www.silvercoastpropertyservices.com\\\/fr\\\/confidentialite\\\/#breadcrumb\"},\"inLanguage\":\"fr-FR\",\"potentialAction\":[{\"@type\":\"ReadAction\",\"target\":[\"https:\\\/\\\/www.silvercoastpropertyservices.com\\\/fr\\\/confidentialite\\\/\"]}]},{\"@type\":\"BreadcrumbList\",\"@id\":\"https:\\\/\\\/www.silvercoastpropertyservices.com\\\/fr\\\/confidentialite\\\/#breadcrumb\",\"itemListElement\":[{\"@type\":\"ListItem\",\"position\":1,\"name\":\"Home\",\"item\":\"https:\\\/\\\/www.silvercoastpropertyservices.com\\\/fr\\\/\"},{\"@type\":\"ListItem\",\"position\":2,\"name\":\"Politique de confidentialit\u00e9\"}]},{\"@type\":\"WebSite\",\"@id\":\"https:\\\/\\\/www.silvercoastpropertyservices.com\\\/fr\\\/#website\",\"url\":\"https:\\\/\\\/www.silvercoastpropertyservices.com\\\/fr\\\/\",\"name\":\"2nd Place in Portugal\",\"description\":\"En nog een WordPress website\",\"publisher\":{\"@id\":\"https:\\\/\\\/www.silvercoastpropertyservices.com\\\/fr\\\/#organization\"},\"potentialAction\":[{\"@type\":\"SearchAction\",\"target\":{\"@type\":\"EntryPoint\",\"urlTemplate\":\"https:\\\/\\\/www.silvercoastpropertyservices.com\\\/fr\\\/?s={search_term_string}\"},\"query-input\":{\"@type\":\"PropertyValueSpecification\",\"valueRequired\":true,\"valueName\":\"search_term_string\"}}],\"inLanguage\":\"fr-FR\"},{\"@type\":\"Organization\",\"@id\":\"https:\\\/\\\/www.silvercoastpropertyservices.com\\\/fr\\\/#organization\",\"name\":\"2nd Place in Portugal\",\"url\":\"https:\\\/\\\/www.silvercoastpropertyservices.com\\\/fr\\\/\",\"logo\":{\"@type\":\"ImageObject\",\"inLanguage\":\"fr-FR\",\"@id\":\"https:\\\/\\\/www.silvercoastpropertyservices.com\\\/fr\\\/#\\\/schema\\\/logo\\\/image\\\/\",\"url\":\"https:\\\/\\\/www.silvercoastpropertyservices.com\\\/wp-content\\\/uploads\\\/2019\\\/02\\\/logo-circle.png\",\"contentUrl\":\"https:\\\/\\\/www.silvercoastpropertyservices.com\\\/wp-content\\\/uploads\\\/2019\\\/02\\\/logo-circle.png\",\"width\":200,\"height\":200,\"caption\":\"2nd Place in Portugal\"},\"image\":{\"@id\":\"https:\\\/\\\/www.silvercoastpropertyservices.com\\\/fr\\\/#\\\/schema\\\/logo\\\/image\\\/\"}}]}<\/script>\n<!-- \/ Yoast SEO plugin. -->","yoast_head_json":{"title":"Politique de confidentialit\u00e9 - 2nd Place in Portugal","robots":{"index":"noindex","follow":"follow"},"og_locale":"fr_FR","og_type":"article","og_title":"Politique de confidentialit\u00e9 - 2nd Place in Portugal","og_url":"https:\/\/www.silvercoastpropertyservices.com\/fr\/confidentialite\/","og_site_name":"2nd Place in Portugal","article_modified_time":"2024-07-16T12:20:22+00:00","twitter_card":"summary_large_image","twitter_misc":{"Dur\u00e9e de lecture estim\u00e9e":"8 minutes"},"schema":{"@context":"https:\/\/schema.org","@graph":[{"@type":"WebPage","@id":"https:\/\/www.silvercoastpropertyservices.com\/fr\/confidentialite\/","url":"https:\/\/www.silvercoastpropertyservices.com\/fr\/confidentialite\/","name":"Politique de confidentialit\u00e9 - 2nd Place in Portugal","isPartOf":{"@id":"https:\/\/www.silvercoastpropertyservices.com\/fr\/#website"},"datePublished":"2019-01-25T14:15:41+00:00","dateModified":"2024-07-16T12:20:22+00:00","breadcrumb":{"@id":"https:\/\/www.silvercoastpropertyservices.com\/fr\/confidentialite\/#breadcrumb"},"inLanguage":"fr-FR","potentialAction":[{"@type":"ReadAction","target":["https:\/\/www.silvercoastpropertyservices.com\/fr\/confidentialite\/"]}]},{"@type":"BreadcrumbList","@id":"https:\/\/www.silvercoastpropertyservices.com\/fr\/confidentialite\/#breadcrumb","itemListElement":[{"@type":"ListItem","position":1,"name":"Home","item":"https:\/\/www.silvercoastpropertyservices.com\/fr\/"},{"@type":"ListItem","position":2,"name":"Politique de confidentialit\u00e9"}]},{"@type":"WebSite","@id":"https:\/\/www.silvercoastpropertyservices.com\/fr\/#website","url":"https:\/\/www.silvercoastpropertyservices.com\/fr\/","name":"2nd Place in Portugal","description":"En nog een WordPress website","publisher":{"@id":"https:\/\/www.silvercoastpropertyservices.com\/fr\/#organization"},"potentialAction":[{"@type":"SearchAction","target":{"@type":"EntryPoint","urlTemplate":"https:\/\/www.silvercoastpropertyservices.com\/fr\/?s={search_term_string}"},"query-input":{"@type":"PropertyValueSpecification","valueRequired":true,"valueName":"search_term_string"}}],"inLanguage":"fr-FR"},{"@type":"Organization","@id":"https:\/\/www.silvercoastpropertyservices.com\/fr\/#organization","name":"2nd Place in Portugal","url":"https:\/\/www.silvercoastpropertyservices.com\/fr\/","logo":{"@type":"ImageObject","inLanguage":"fr-FR","@id":"https:\/\/www.silvercoastpropertyservices.com\/fr\/#\/schema\/logo\/image\/","url":"https:\/\/www.silvercoastpropertyservices.com\/wp-content\/uploads\/2019\/02\/logo-circle.png","contentUrl":"https:\/\/www.silvercoastpropertyservices.com\/wp-content\/uploads\/2019\/02\/logo-circle.png","width":200,"height":200,"caption":"2nd Place in Portugal"},"image":{"@id":"https:\/\/www.silvercoastpropertyservices.com\/fr\/#\/schema\/logo\/image\/"}}]}},"_links":{"self":[{"href":"https:\/\/www.silvercoastpropertyservices.com\/fr\/wp-json\/wp\/v2\/pages\/425","targetHints":{"allow":["GET"]}}],"collection":[{"href":"https:\/\/www.silvercoastpropertyservices.com\/fr\/wp-json\/wp\/v2\/pages"}],"about":[{"href":"https:\/\/www.silvercoastpropertyservices.com\/fr\/wp-json\/wp\/v2\/types\/page"}],"author":[{"embeddable":true,"href":"https:\/\/www.silvercoastpropertyservices.com\/fr\/wp-json\/wp\/v2\/users\/2"}],"replies":[{"embeddable":true,"href":"https:\/\/www.silvercoastpropertyservices.com\/fr\/wp-json\/wp\/v2\/comments?post=425"}],"version-history":[{"count":2,"href":"https:\/\/www.silvercoastpropertyservices.com\/fr\/wp-json\/wp\/v2\/pages\/425\/revisions"}],"predecessor-version":[{"id":4843,"href":"https:\/\/www.silvercoastpropertyservices.com\/fr\/wp-json\/wp\/v2\/pages\/425\/revisions\/4843"}],"wp:attachment":[{"href":"https:\/\/www.silvercoastpropertyservices.com\/fr\/wp-json\/wp\/v2\/media?parent=425"}],"curies":[{"name":"wp","href":"https:\/\/api.w.org\/{rel}","templated":true}]}}